{"id":158,"date":"2020-07-01T11:37:09","date_gmt":"2020-07-01T10:37:09","guid":{"rendered":"https:\/\/mrpnoml.hlb.network\/?page_id=158"},"modified":"2023-10-13T16:13:59","modified_gmt":"2023-10-13T15:13:59","slug":"home","status":"publish","type":"page","link":"https:\/\/www.hlbguatemala.com\/en\/","title":{"rendered":"Home"},"content":{"rendered":"<div id=\"cs-content\" class=\"cs-content\"><\/div>\n","protected":false},"excerpt":{"rendered":"<p>Together We Make It Happen HLB B\u00e1maca Morales &#038; Asociados has proven experience in auditing, consulting and taxes. Conoce m\u00e1s Conozca al equipo David R. B\u00e1macaManaging Partner 18 September 2019 Vanessa Sandoval P.Audit Director 18 September 2019 Vinicio VargasAuditor\u00eda 5 December 2022 &iexcl;Cont&aacute;ctenos!Ante cualquier duda, HLB Guatemala le brindar&aacute; soporte.Ll&aacute;menos para m&aacute;s informaci&oacute;n<\/p>\n","protected":false},"author":1,"featured_media":0,"parent":0,"menu_order":0,"comment_status":"closed","ping_status":"closed","template":"template-blank-4.php","meta":{"_acf_changed":false,"_monsterinsights_skip_tracking":false,"_monsterinsights_sitenote_active":false,"_monsterinsights_sitenote_note":"","_monsterinsights_sitenote_category":0,"footnotes":""},"class_list":["post-158","page","type-page","status-publish","hentry","no-post-thumbnail"],"acf":[],"aioseo_notices":[],"_links":{"self":[{"href":"https:\/\/www.hlbguatemala.com\/en\/wp-json\/wp\/v2\/pages\/158"}],"collection":[{"href":"https:\/\/www.hlbguatemala.com\/en\/wp-json\/wp\/v2\/pages"}],"about":[{"href":"https:\/\/www.hlbguatemala.com\/en\/wp-json\/wp\/v2\/types\/page"}],"author":[{"embeddable":true,"href":"https:\/\/www.hlbguatemala.com\/en\/wp-json\/wp\/v2\/users\/1"}],"replies":[{"embeddable":true,"href":"https:\/\/www.hlbguatemala.com\/en\/wp-json\/wp\/v2\/comments?post=158"}],"version-history":[{"count":10,"href":"https:\/\/www.hlbguatemala.com\/en\/wp-json\/wp\/v2\/pages\/158\/revisions"}],"predecessor-version":[{"id":16392,"href":"https:\/\/www.hlbguatemala.com\/en\/wp-json\/wp\/v2\/pages\/158\/revisions\/16392"}],"wp:attachment":[{"href":"https:\/\/www.hlbguatemala.com\/en\/wp-json\/wp\/v2\/media?parent=158"}],"curies":[{"name":"wp","href":"https:\/\/api.w.org\/{rel}","templated":true}]}}